{"id":3002,"date":"2020-12-02T10:25:37","date_gmt":"2020-12-02T09:25:37","guid":{"rendered":"https:\/\/bluekompany.com\/?page_id=3002"},"modified":"2021-05-04T14:41:40","modified_gmt":"2021-05-04T12:41:40","slug":"uber-uns","status":"publish","type":"page","link":"https:\/\/bluekompany.com\/de\/uber-uns\/","title":{"rendered":"\u00dcber uns"},"content":{"rendered":"\t\t<div data-elementor-type=\"wp-page\" data-elementor-id=\"3002\" class=\"elementor elementor-3002 elementor-10\">\n\t\t\t\t\t\t<section class=\"elementor-section elementor-top-section elementor-element elementor-element-d2505fd text-white elementor-section-boxed elementor-section-height-default elementor-section-height-default elementor-invisible\" data-id=\"d2505fd\" data-element_type=\"section\" data-e-type=\"section\" data-settings=\"{&quot;background_background&quot;:&quot;classic&quot;,&quot;animation&quot;:&quot;fadeIn&quot;}\">\n\t\t\t\t\t\t\t<div class=\"elementor-background-overlay\"><\/div>\n\t\t\t\t\t\t\t<div class=\"elementor-container elementor-column-gap-default\">\n\t\t\t\t\t<div class=\"elementor-column elementor-col-100 elementor-top-column elementor-element elementor-element-a393449\" data-id=\"a393449\" data-element_type=\"column\" data-e-type=\"column\">\n\t\t\t<div class=\"elementor-widget-wrap elementor-element-populated\">\n\t\t\t\t\t\t<div class=\"elementor-element elementor-element-46ba6e6 elementor-widget elementor-widget-text-editor\" data-id=\"46ba6e6\" data-element_type=\"widget\" data-e-type=\"widget\" data-widget_type=\"text-editor.default\">\n\t\t\t\t<div class=\"elementor-widget-container\">\n\t\t\t\t\t\t\t\t\t<h1 style=\"text-align: center;\">\u00dcBER UNS<\/h1>\t\t\t\t\t\t\t\t<\/div>\n\t\t\t\t<\/div>\n\t\t\t\t\t<\/div>\n\t\t<\/div>\n\t\t\t\t\t<\/div>\n\t\t<\/section>\n\t\t\t\t<section class=\"elementor-section elementor-top-section elementor-element elementor-element-23904a7 elementor-section-content-middle elementor-section-boxed elementor-section-height-default elementor-section-height-default\" data-id=\"23904a7\" data-element_type=\"section\" data-e-type=\"section\">\n\t\t\t\t\t\t<div class=\"elementor-container elementor-column-gap-default\">\n\t\t\t\t\t<div class=\"elementor-column elementor-col-50 elementor-top-column elementor-element elementor-element-00d9a34\" data-id=\"00d9a34\" data-element_type=\"column\" data-e-type=\"column\">\n\t\t\t<div class=\"elementor-widget-wrap elementor-element-populated\">\n\t\t\t\t\t\t<div class=\"elementor-element elementor-element-1fa9368 elementor-invisible elementor-widget elementor-widget-text-editor\" data-id=\"1fa9368\" data-element_type=\"widget\" data-e-type=\"widget\" data-settings=\"{&quot;_animation&quot;:&quot;fadeInLeft&quot;,&quot;_animation_delay&quot;:500}\" data-widget_type=\"text-editor.default\">\n\t\t\t\t<div class=\"elementor-widget-container\">\n\t\t\t\t\t\t\t\t\t<h2>INNOVATION UND FORSCHUNG<\/h2><hr \/><p>Unsere Kollektionen sind das Ergebnis der weltber\u00fchmten italienischen Kreativit\u00e4t.<\/p><p>Wir freuen uns auf eine kontinuierliche Innovation, wobei unser grundlegender und einfacher Stil stets erhalten bleibt.<br \/>Unser Ziel ist es, dank einer sehr kurzen Vertriebskette das beste Preis-Leistungs-Verh\u00e4ltnis zu garantieren.<\/p>\t\t\t\t\t\t\t\t<\/div>\n\t\t\t\t<\/div>\n\t\t\t\t\t<\/div>\n\t\t<\/div>\n\t\t\t\t<div class=\"elementor-column elementor-col-50 elementor-top-column elementor-element elementor-element-595d78f\" data-id=\"595d78f\" data-element_type=\"column\" data-e-type=\"column\">\n\t\t\t<div class=\"elementor-widget-wrap elementor-element-populated\">\n\t\t\t\t\t\t<div class=\"elementor-element elementor-element-df728b3 elementor-invisible elementor-widget elementor-widget-image\" data-id=\"df728b3\" data-element_type=\"widget\" data-e-type=\"widget\" data-settings=\"{&quot;_animation&quot;:&quot;fadeInRight&quot;,&quot;_animation_delay&quot;:500}\" data-widget_type=\"image.default\">\n\t\t\t\t<div class=\"elementor-widget-container\">\n\t\t\t\t\t\t\t\t\t\t\t\t\t\t\t<img fetchpriority=\"high\" decoding=\"async\" width=\"660\" height=\"400\" src=\"https:\/\/bluekompany.com\/wp-content\/uploads\/2020\/08\/about-innovation.jpg\" class=\"attachment-full size-full wp-image-168\" alt=\"\" srcset=\"https:\/\/bluekompany.com\/wp-content\/uploads\/2020\/08\/about-innovation.jpg 660w, https:\/\/bluekompany.com\/wp-content\/uploads\/2020\/08\/about-innovation-300x182.jpg 300w\" sizes=\"(max-width: 660px) 100vw, 660px\" \/>\t\t\t\t\t\t\t\t\t\t\t\t\t\t\t<\/div>\n\t\t\t\t<\/div>\n\t\t\t\t\t<\/div>\n\t\t<\/div>\n\t\t\t\t\t<\/div>\n\t\t<\/section>\n\t\t\t\t<section class=\"elementor-section elementor-top-section elementor-element elementor-element-765a2f9 valori elementor-section-boxed elementor-section-height-default elementor-section-height-default\" data-id=\"765a2f9\" data-element_type=\"section\" data-e-type=\"section\" data-settings=\"{&quot;background_background&quot;:&quot;classic&quot;}\">\n\t\t\t\t\t\t<div class=\"elementor-container elementor-column-gap-default\">\n\t\t\t\t\t<div class=\"elementor-column elementor-col-50 elementor-top-column elementor-element elementor-element-f339a4b\" data-id=\"f339a4b\" data-element_type=\"column\" data-e-type=\"column\">\n\t\t\t<div class=\"elementor-widget-wrap elementor-element-populated\">\n\t\t\t\t\t\t<div class=\"elementor-element elementor-element-709c36b elementor-invisible elementor-widget elementor-widget-text-editor\" data-id=\"709c36b\" data-element_type=\"widget\" data-e-type=\"widget\" data-settings=\"{&quot;_animation&quot;:&quot;fadeInUp&quot;,&quot;_animation_delay&quot;:500}\" data-widget_type=\"text-editor.default\">\n\t\t\t\t<div class=\"elementor-widget-container\">\n\t\t\t\t\t\t\t\t\t<h3><img decoding=\"async\" class=\"alignnone wp-image-173\" src=\"https:\/\/bluekompany.com\/wp-content\/uploads\/2020\/08\/stock-service.png\" alt=\"\" width=\"100\" height=\"100\" srcset=\"https:\/\/bluekompany.com\/wp-content\/uploads\/2020\/08\/stock-service.png 200w, https:\/\/bluekompany.com\/wp-content\/uploads\/2020\/08\/stock-service-150x150.png 150w\" sizes=\"(max-width: 100px) 100vw, 100px\" \/><\/h3><h3>Lagerservice<\/h3><p>Durch dein effizientes Lagerssystem und gro\u00dfer Lagerbest\u00e4nde und Dank dynamischer Arbeitsprozesse k\u00f6nnen wir t\u00e4glich viele Metragen und gro\u00dfe Mengen an Warenlieferungen vorbereiten. Wir sind st\u00e4ndig bem\u00fcht, die Bed\u00fcrfnisse und Anforderungen unserer Kunden zu befriedigen.<\/p>\t\t\t\t\t\t\t\t<\/div>\n\t\t\t\t<\/div>\n\t\t\t\t\t<\/div>\n\t\t<\/div>\n\t\t\t\t<div class=\"elementor-column elementor-col-50 elementor-top-column elementor-element elementor-element-5258b7a\" data-id=\"5258b7a\" data-element_type=\"column\" data-e-type=\"column\">\n\t\t\t<div class=\"elementor-widget-wrap elementor-element-populated\">\n\t\t\t\t\t\t<div class=\"elementor-element elementor-element-0e225a5 elementor-invisible elementor-widget elementor-widget-text-editor\" data-id=\"0e225a5\" data-element_type=\"widget\" data-e-type=\"widget\" data-settings=\"{&quot;_animation&quot;:&quot;fadeInUp&quot;,&quot;_animation_delay&quot;:750}\" data-widget_type=\"text-editor.default\">\n\t\t\t\t<div class=\"elementor-widget-container\">\n\t\t\t\t\t\t\t\t\t<h3><img decoding=\"async\" class=\"alignnone wp-image-175\" src=\"https:\/\/bluekompany.com\/wp-content\/uploads\/2020\/08\/made-in-italy.png\" alt=\"\" width=\"100\" height=\"100\" srcset=\"https:\/\/bluekompany.com\/wp-content\/uploads\/2020\/08\/made-in-italy.png 200w, https:\/\/bluekompany.com\/wp-content\/uploads\/2020\/08\/made-in-italy-150x150.png 150w\" sizes=\"(max-width: 100px) 100vw, 100px\" \/><\/h3><h3>Hergestellt in Italien<\/h3><p>Das breite Angebot umfasst Stoffe, die vollst\u00e4ndig in Italien entworfen und hergestellt wurden. Wir k\u00fcmmern uns um jedes Detail, von der Erforschung des Garns bis zum fertigen Produkt und gem\u00e4\u00df den strengen italienischen Anforderungen und Vorschriften.<\/p>\t\t\t\t\t\t\t\t<\/div>\n\t\t\t\t<\/div>\n\t\t\t\t\t<\/div>\n\t\t<\/div>\n\t\t\t\t\t<\/div>\n\t\t<\/section>\n\t\t\t\t<section class=\"elementor-section elementor-top-section elementor-element elementor-element-4e3f9f56 animated-slow elementor-section-boxed elementor-section-height-default elementor-section-height-default elementor-invisible\" data-id=\"4e3f9f56\" data-element_type=\"section\" data-e-type=\"section\" data-settings=\"{&quot;animation&quot;:&quot;fadeIn&quot;,&quot;animation_delay&quot;:500}\">\n\t\t\t\t\t\t<div class=\"elementor-container elementor-column-gap-default\">\n\t\t\t\t\t<div class=\"elementor-column elementor-col-25 elementor-top-column elementor-element elementor-element-541695f8\" data-id=\"541695f8\" data-element_type=\"column\" data-e-type=\"column\">\n\t\t\t<div class=\"elementor-widget-wrap\">\n\t\t\t\t\t\t\t<\/div>\n\t\t<\/div>\n\t\t\t\t<div class=\"elementor-column elementor-col-25 elementor-top-column elementor-element elementor-element-197473c5\" data-id=\"197473c5\" data-element_type=\"column\" data-e-type=\"column\">\n\t\t\t<div class=\"elementor-widget-wrap\">\n\t\t\t\t\t\t\t<\/div>\n\t\t<\/div>\n\t\t\t\t<div class=\"elementor-column elementor-col-25 elementor-top-column elementor-element elementor-element-2570fb5c\" data-id=\"2570fb5c\" data-element_type=\"column\" data-e-type=\"column\">\n\t\t\t<div class=\"elementor-widget-wrap elementor-element-populated\">\n\t\t\t\t\t\t<div class=\"elementor-element elementor-element-19f892a elementor-widget elementor-widget-image\" data-id=\"19f892a\" data-element_type=\"widget\" data-e-type=\"widget\" data-widget_type=\"image.default\">\n\t\t\t\t<div class=\"elementor-widget-container\">\n\t\t\t\t\t\t\t\t\t\t\t\t\t\t\t<img loading=\"lazy\" decoding=\"async\" width=\"517\" height=\"517\" src=\"https:\/\/bluekompany.com\/wp-content\/uploads\/2020\/09\/philosophy-2.jpg\" class=\"attachment-large size-large wp-image-193\" alt=\"\" srcset=\"https:\/\/bluekompany.com\/wp-content\/uploads\/2020\/09\/philosophy-2.jpg 517w, https:\/\/bluekompany.com\/wp-content\/uploads\/2020\/09\/philosophy-2-300x300.jpg 300w, https:\/\/bluekompany.com\/wp-content\/uploads\/2020\/09\/philosophy-2-150x150.jpg 150w, https:\/\/bluekompany.com\/wp-content\/uploads\/2020\/09\/philosophy-2-400x400.jpg 400w\" sizes=\"(max-width: 517px) 100vw, 517px\" \/>\t\t\t\t\t\t\t\t\t\t\t\t\t\t\t<\/div>\n\t\t\t\t<\/div>\n\t\t\t\t\t<\/div>\n\t\t<\/div>\n\t\t\t\t<div class=\"elementor-column elementor-col-25 elementor-top-column elementor-element elementor-element-6cdbb782\" data-id=\"6cdbb782\" data-element_type=\"column\" data-e-type=\"column\">\n\t\t\t<div class=\"elementor-widget-wrap\">\n\t\t\t\t\t\t\t<\/div>\n\t\t<\/div>\n\t\t\t\t\t<\/div>\n\t\t<\/section>\n\t\t\t\t<section class=\"elementor-section elementor-top-section elementor-element elementor-element-78b83f3 animated-slow elementor-section-boxed elementor-section-height-default elementor-section-height-default elementor-invisible\" data-id=\"78b83f3\" data-element_type=\"section\" data-e-type=\"section\" data-settings=\"{&quot;animation&quot;:&quot;fadeInUp&quot;,&quot;animation_delay&quot;:500}\">\n\t\t\t\t\t\t<div class=\"elementor-container elementor-column-gap-default\">\n\t\t\t\t\t<div class=\"elementor-column elementor-col-25 elementor-top-column elementor-element elementor-element-2da9d13e\" data-id=\"2da9d13e\" data-element_type=\"column\" data-e-type=\"column\">\n\t\t\t<div class=\"elementor-widget-wrap\">\n\t\t\t\t\t\t\t<\/div>\n\t\t<\/div>\n\t\t\t\t<div class=\"elementor-column elementor-col-25 elementor-top-column elementor-element elementor-element-5b3e753f\" data-id=\"5b3e753f\" data-element_type=\"column\" data-e-type=\"column\" data-settings=\"{&quot;background_background&quot;:&quot;classic&quot;}\">\n\t\t\t<div class=\"elementor-widget-wrap elementor-element-populated\">\n\t\t\t\t\t\t<div class=\"elementor-element elementor-element-70f6b63 elementor-widget elementor-widget-text-editor\" data-id=\"70f6b63\" data-element_type=\"widget\" data-e-type=\"widget\" data-widget_type=\"text-editor.default\">\n\t\t\t\t<div class=\"elementor-widget-container\">\n\t\t\t\t\t\t\t\t\t<h2 style=\"text-align: center;\">UNSERE IDENTIT\u00c4T<\/h2><p style=\"text-align: center;\">Unsere Identit\u00e4t wurzelt in der Geschichte des Textilhandwerks. Kette und Schuss bedeuten die Vereinigung von Handwerk und Industrie.<\/p>\t\t\t\t\t\t\t\t<\/div>\n\t\t\t\t<\/div>\n\t\t\t\t\t<\/div>\n\t\t<\/div>\n\t\t\t\t<div class=\"elementor-column elementor-col-25 elementor-top-column elementor-element elementor-element-604a60de\" data-id=\"604a60de\" data-element_type=\"column\" data-e-type=\"column\" data-settings=\"{&quot;background_background&quot;:&quot;classic&quot;}\">\n\t\t\t<div class=\"elementor-widget-wrap\">\n\t\t\t\t\t\t\t<\/div>\n\t\t<\/div>\n\t\t\t\t<div class=\"elementor-column elementor-col-25 elementor-top-column elementor-element elementor-element-ee778a1\" data-id=\"ee778a1\" data-element_type=\"column\" data-e-type=\"column\">\n\t\t\t<div class=\"elementor-widget-wrap\">\n\t\t\t\t\t\t\t<\/div>\n\t\t<\/div>\n\t\t\t\t\t<\/div>\n\t\t<\/section>\n\t\t\t\t<section class=\"elementor-section elementor-top-section elementor-element elementor-element-0fc9499 text-white elementor-section-boxed elementor-section-height-default elementor-section-height-default elementor-invisible\" data-id=\"0fc9499\" data-element_type=\"section\" data-e-type=\"section\" data-settings=\"{&quot;background_background&quot;:&quot;classic&quot;,&quot;animation&quot;:&quot;fadeInUp&quot;}\">\n\t\t\t\t\t\t\t<div class=\"elementor-background-overlay\"><\/div>\n\t\t\t\t\t\t\t<div class=\"elementor-container elementor-column-gap-default\">\n\t\t\t\t\t<div class=\"elementor-column elementor-col-16 elementor-top-column elementor-element elementor-element-04e0138\" data-id=\"04e0138\" data-element_type=\"column\" data-e-type=\"column\">\n\t\t\t<div class=\"elementor-widget-wrap\">\n\t\t\t\t\t\t\t<\/div>\n\t\t<\/div>\n\t\t\t\t<div class=\"elementor-column elementor-col-66 elementor-top-column elementor-element elementor-element-ae2b034\" data-id=\"ae2b034\" data-element_type=\"column\" data-e-type=\"column\">\n\t\t\t<div class=\"elementor-widget-wrap elementor-element-populated\">\n\t\t\t\t\t\t<div class=\"elementor-element elementor-element-3601405 elementor-widget elementor-widget-text-editor\" data-id=\"3601405\" data-element_type=\"widget\" data-e-type=\"widget\" data-widget_type=\"text-editor.default\">\n\t\t\t\t<div class=\"elementor-widget-container\">\n\t\t\t\t\t\t\t\t\t<h3 style=\"text-align: center;\">Wir sind nicht nur ein Lieferant, <br \/>sondern auch ein Servicepartner von A bis Z.<\/h3>\t\t\t\t\t\t\t\t<\/div>\n\t\t\t\t<\/div>\n\t\t\t\t\t<\/div>\n\t\t<\/div>\n\t\t\t\t<div class=\"elementor-column elementor-col-16 elementor-top-column elementor-element elementor-element-f88362a\" data-id=\"f88362a\" data-element_type=\"column\" data-e-type=\"column\">\n\t\t\t<div class=\"elementor-widget-wrap\">\n\t\t\t\t\t\t\t<\/div>\n\t\t<\/div>\n\t\t\t\t\t<\/div>\n\t\t<\/section>\n\t\t\t\t<section class=\"elementor-section elementor-top-section elementor-element elementor-element-f51be80 elementor-section-boxed elementor-section-height-default elementor-section-height-default elementor-invisible\" data-id=\"f51be80\" data-element_type=\"section\" data-e-type=\"section\" data-settings=\"{&quot;animation&quot;:&quot;fadeInUp&quot;}\">\n\t\t\t\t\t\t<div class=\"elementor-container elementor-column-gap-default\">\n\t\t\t\t\t<div class=\"elementor-column elementor-col-100 elementor-top-column elementor-element elementor-element-c129ede\" data-id=\"c129ede\" data-element_type=\"column\" data-e-type=\"column\">\n\t\t\t<div class=\"elementor-widget-wrap elementor-element-populated\">\n\t\t\t\t\t\t<div class=\"elementor-element elementor-element-944e8b4 elementor-widget elementor-widget-shortcode\" data-id=\"944e8b4\" data-element_type=\"widget\" data-e-type=\"widget\" data-widget_type=\"shortcode.default\">\n\t\t\t\t<div class=\"elementor-widget-container\">\n\t\t\t\t\t\t\t<div class=\"elementor-shortcode\"><\/div>\n\t\t\t\t\t\t<\/div>\n\t\t\t\t<\/div>\n\t\t\t\t\t<\/div>\n\t\t<\/div>\n\t\t\t\t\t<\/div>\n\t\t<\/section>\n\t\t\t\t<\/div>\n\t\t","protected":false},"excerpt":{"rendered":"<p>\u00dcBER UNS INNOVATION UND FORSCHUNG Unsere Kollektionen sind das Ergebnis der weltber\u00fchmten italienischen Kreativit\u00e4t. Wir freuen uns auf eine kontinuierliche Innovation, wobei unser grundlegender und [&hellip;]<\/p>\n","protected":false},"author":1,"featured_media":0,"parent":0,"menu_order":0,"comment_status":"closed","ping_status":"closed","template":"elementor_header_footer","meta":{"_acf_changed":false,"footnotes":""},"class_list":["post-3002","page","type-page","status-publish","hentry"],"acf":[],"yoast_head":"<!-- This site is optimized with the Yoast SEO plugin v26.9 - https:\/\/yoast.com\/product\/yoast-seo-wordpress\/ -->\n<title>\u00dcber uns - Blue Kompany<\/title>\n<meta name=\"robots\" content=\"index, follow, max-snippet:-1, max-image-preview:large, max-video-preview:-1\" \/>\n<link rel=\"canonical\" href=\"https:\/\/bluekompany.com\/de\/uber-uns\/\" \/>\n<meta property=\"og:locale\" content=\"de_DE\" \/>\n<meta property=\"og:type\" content=\"article\" \/>\n<meta property=\"og:title\" content=\"\u00dcber uns - Blue Kompany\" \/>\n<meta property=\"og:description\" content=\"\u00dcBER UNS INNOVATION UND FORSCHUNG Unsere Kollektionen sind das Ergebnis der weltber\u00fchmten italienischen Kreativit\u00e4t. Wir freuen uns auf eine kontinuierliche Innovation, wobei unser grundlegender und [&hellip;]\" \/>\n<meta property=\"og:url\" content=\"https:\/\/bluekompany.com\/de\/uber-uns\/\" \/>\n<meta property=\"og:site_name\" content=\"Blue Kompany\" \/>\n<meta property=\"article:modified_time\" content=\"2021-05-04T12:41:40+00:00\" \/>\n<meta property=\"og:image\" content=\"https:\/\/bluekompany.com\/wp-content\/uploads\/2020\/08\/about-innovation.jpg\" \/>\n<meta name=\"twitter:card\" content=\"summary_large_image\" \/>\n<meta name=\"twitter:label1\" content=\"Gesch\u00e4tzte Lesezeit\" \/>\n\t<meta name=\"twitter:data1\" content=\"2\u00a0Minuten\" \/>\n<script type=\"application\/ld+json\" class=\"yoast-schema-graph\">{\"@context\":\"https:\/\/schema.org\",\"@graph\":[{\"@type\":\"WebPage\",\"@id\":\"https:\/\/bluekompany.com\/de\/uber-uns\/\",\"url\":\"https:\/\/bluekompany.com\/de\/uber-uns\/\",\"name\":\"\u00dcber uns - Blue Kompany\",\"isPartOf\":{\"@id\":\"https:\/\/bluekompany.com\/#website\"},\"primaryImageOfPage\":{\"@id\":\"https:\/\/bluekompany.com\/de\/uber-uns\/#primaryimage\"},\"image\":{\"@id\":\"https:\/\/bluekompany.com\/de\/uber-uns\/#primaryimage\"},\"thumbnailUrl\":\"https:\/\/bluekompany.com\/wp-content\/uploads\/2020\/08\/about-innovation.jpg\",\"datePublished\":\"2020-12-02T09:25:37+00:00\",\"dateModified\":\"2021-05-04T12:41:40+00:00\",\"breadcrumb\":{\"@id\":\"https:\/\/bluekompany.com\/de\/uber-uns\/#breadcrumb\"},\"inLanguage\":\"de\",\"potentialAction\":[{\"@type\":\"ReadAction\",\"target\":[\"https:\/\/bluekompany.com\/de\/uber-uns\/\"]}]},{\"@type\":\"ImageObject\",\"inLanguage\":\"de\",\"@id\":\"https:\/\/bluekompany.com\/de\/uber-uns\/#primaryimage\",\"url\":\"https:\/\/bluekompany.com\/wp-content\/uploads\/2020\/08\/about-innovation.jpg\",\"contentUrl\":\"https:\/\/bluekompany.com\/wp-content\/uploads\/2020\/08\/about-innovation.jpg\"},{\"@type\":\"BreadcrumbList\",\"@id\":\"https:\/\/bluekompany.com\/de\/uber-uns\/#breadcrumb\",\"itemListElement\":[{\"@type\":\"ListItem\",\"position\":1,\"name\":\"Home\",\"item\":\"https:\/\/bluekompany.com\/it\/\"},{\"@type\":\"ListItem\",\"position\":2,\"name\":\"\u00dcber uns\"}]},{\"@type\":\"WebSite\",\"@id\":\"https:\/\/bluekompany.com\/#website\",\"url\":\"https:\/\/bluekompany.com\/\",\"name\":\"Blue Kompany\",\"description\":\"\",\"publisher\":{\"@id\":\"https:\/\/bluekompany.com\/#organization\"},\"potentialAction\":[{\"@type\":\"SearchAction\",\"target\":{\"@type\":\"EntryPoint\",\"urlTemplate\":\"https:\/\/bluekompany.com\/?s={search_term_string}\"},\"query-input\":{\"@type\":\"PropertyValueSpecification\",\"valueRequired\":true,\"valueName\":\"search_term_string\"}}],\"inLanguage\":\"de\"},{\"@type\":\"Organization\",\"@id\":\"https:\/\/bluekompany.com\/#organization\",\"name\":\"BLUE KOMPANY D.O.O.\",\"url\":\"https:\/\/bluekompany.com\/\",\"logo\":{\"@type\":\"ImageObject\",\"inLanguage\":\"de\",\"@id\":\"https:\/\/bluekompany.com\/#\/schema\/logo\/image\/\",\"url\":\"https:\/\/bluekompany.com\/wp-content\/uploads\/2020\/07\/blue-kompany.svg\",\"contentUrl\":\"https:\/\/bluekompany.com\/wp-content\/uploads\/2020\/07\/blue-kompany.svg\",\"width\":1,\"height\":1,\"caption\":\"BLUE KOMPANY D.O.O.\"},\"image\":{\"@id\":\"https:\/\/bluekompany.com\/#\/schema\/logo\/image\/\"}}]}<\/script>\n<!-- \/ Yoast SEO plugin. -->","yoast_head_json":{"title":"\u00dcber uns - Blue Kompany","robots":{"index":"index","follow":"follow","max-snippet":"max-snippet:-1","max-image-preview":"max-image-preview:large","max-video-preview":"max-video-preview:-1"},"canonical":"https:\/\/bluekompany.com\/de\/uber-uns\/","og_locale":"de_DE","og_type":"article","og_title":"\u00dcber uns - Blue Kompany","og_description":"\u00dcBER UNS INNOVATION UND FORSCHUNG Unsere Kollektionen sind das Ergebnis der weltber\u00fchmten italienischen Kreativit\u00e4t. Wir freuen uns auf eine kontinuierliche Innovation, wobei unser grundlegender und [&hellip;]","og_url":"https:\/\/bluekompany.com\/de\/uber-uns\/","og_site_name":"Blue Kompany","article_modified_time":"2021-05-04T12:41:40+00:00","og_image":[{"url":"https:\/\/bluekompany.com\/wp-content\/uploads\/2020\/08\/about-innovation.jpg","type":"","width":"","height":""}],"twitter_card":"summary_large_image","twitter_misc":{"Gesch\u00e4tzte Lesezeit":"2\u00a0Minuten"},"schema":{"@context":"https:\/\/schema.org","@graph":[{"@type":"WebPage","@id":"https:\/\/bluekompany.com\/de\/uber-uns\/","url":"https:\/\/bluekompany.com\/de\/uber-uns\/","name":"\u00dcber uns - Blue Kompany","isPartOf":{"@id":"https:\/\/bluekompany.com\/#website"},"primaryImageOfPage":{"@id":"https:\/\/bluekompany.com\/de\/uber-uns\/#primaryimage"},"image":{"@id":"https:\/\/bluekompany.com\/de\/uber-uns\/#primaryimage"},"thumbnailUrl":"https:\/\/bluekompany.com\/wp-content\/uploads\/2020\/08\/about-innovation.jpg","datePublished":"2020-12-02T09:25:37+00:00","dateModified":"2021-05-04T12:41:40+00:00","breadcrumb":{"@id":"https:\/\/bluekompany.com\/de\/uber-uns\/#breadcrumb"},"inLanguage":"de","potentialAction":[{"@type":"ReadAction","target":["https:\/\/bluekompany.com\/de\/uber-uns\/"]}]},{"@type":"ImageObject","inLanguage":"de","@id":"https:\/\/bluekompany.com\/de\/uber-uns\/#primaryimage","url":"https:\/\/bluekompany.com\/wp-content\/uploads\/2020\/08\/about-innovation.jpg","contentUrl":"https:\/\/bluekompany.com\/wp-content\/uploads\/2020\/08\/about-innovation.jpg"},{"@type":"BreadcrumbList","@id":"https:\/\/bluekompany.com\/de\/uber-uns\/#breadcrumb","itemListElement":[{"@type":"ListItem","position":1,"name":"Home","item":"https:\/\/bluekompany.com\/it\/"},{"@type":"ListItem","position":2,"name":"\u00dcber uns"}]},{"@type":"WebSite","@id":"https:\/\/bluekompany.com\/#website","url":"https:\/\/bluekompany.com\/","name":"Blue Kompany","description":"","publisher":{"@id":"https:\/\/bluekompany.com\/#organization"},"potentialAction":[{"@type":"SearchAction","target":{"@type":"EntryPoint","urlTemplate":"https:\/\/bluekompany.com\/?s={search_term_string}"},"query-input":{"@type":"PropertyValueSpecification","valueRequired":true,"valueName":"search_term_string"}}],"inLanguage":"de"},{"@type":"Organization","@id":"https:\/\/bluekompany.com\/#organization","name":"BLUE KOMPANY D.O.O.","url":"https:\/\/bluekompany.com\/","logo":{"@type":"ImageObject","inLanguage":"de","@id":"https:\/\/bluekompany.com\/#\/schema\/logo\/image\/","url":"https:\/\/bluekompany.com\/wp-content\/uploads\/2020\/07\/blue-kompany.svg","contentUrl":"https:\/\/bluekompany.com\/wp-content\/uploads\/2020\/07\/blue-kompany.svg","width":1,"height":1,"caption":"BLUE KOMPANY D.O.O."},"image":{"@id":"https:\/\/bluekompany.com\/#\/schema\/logo\/image\/"}}]}},"_links":{"self":[{"href":"https:\/\/bluekompany.com\/de\/wp-json\/wp\/v2\/pages\/3002","targetHints":{"allow":["GET"]}}],"collection":[{"href":"https:\/\/bluekompany.com\/de\/wp-json\/wp\/v2\/pages"}],"about":[{"href":"https:\/\/bluekompany.com\/de\/wp-json\/wp\/v2\/types\/page"}],"author":[{"embeddable":true,"href":"https:\/\/bluekompany.com\/de\/wp-json\/wp\/v2\/users\/1"}],"replies":[{"embeddable":true,"href":"https:\/\/bluekompany.com\/de\/wp-json\/wp\/v2\/comments?post=3002"}],"version-history":[{"count":16,"href":"https:\/\/bluekompany.com\/de\/wp-json\/wp\/v2\/pages\/3002\/revisions"}],"predecessor-version":[{"id":5111,"href":"https:\/\/bluekompany.com\/de\/wp-json\/wp\/v2\/pages\/3002\/revisions\/5111"}],"wp:attachment":[{"href":"https:\/\/bluekompany.com\/de\/wp-json\/wp\/v2\/media?parent=3002"}],"curies":[{"name":"wp","href":"https:\/\/api.w.org\/{rel}","templated":true}]}}